{"id":1018,"date":"2023-04-07T14:26:25","date_gmt":"2023-04-07T14:26:25","guid":{"rendered":"https:\/\/metavarch.io\/aviso-legal\/"},"modified":"2023-06-16T12:27:58","modified_gmt":"2023-06-16T12:27:58","slug":"aviso-legal","status":"publish","type":"page","link":"https:\/\/metavarch.io\/en\/aviso-legal\/","title":{"rendered":"Aviso legal"},"content":{"rendered":"\n<h2 class=\"wp-block-heading\">Introducci\u00f3n<\/h2>\n\n\n\n<p>En cumplimiento de la Ley 34\/2002, de 11 de julio, de Servicios de la Sociedad de la Informaci\u00f3n y de Comercio Electr\u00f3nico (LSSI-CE), Metavarch, S.L. marca registrada por RUB\u00c9N MUEDRA ESTUDIO DE ARQUITECTURA, S.L. informa que es titular del sitio web. De acuerdo con la exigencia del art\u00edculo 10 de la citada Ley, Metavarch, S.L. marca registrada RUB\u00c9N MUEDRA ESTUDIO DE ARQUITECTURA, S.L. informa de los siguientes datos:<\/p>\n\n\n\n<h2 class=\"wp-block-heading\">Usuario y R\u00e9gimen de Responsabilidades<\/h2>\n\n\n\n<p>La navegaci\u00f3n, acceso y uso por el sitio web de RUB\u00c9N MUEDRA ESTUDIO DE ARQUITECTURA, S.L. confiere la condici\u00f3n de usuario.<\/p>\n\n\n\n<p>El sitio web de Metavarch, S.L., proporciona gran diversidad de informaci\u00f3n, servicios y datos. El usuario asume su responsabilidad en el uso correcto del sitio web. Esta responsabilidad se extender\u00e1 a:<\/p>\n\n\n\n<ul class=\"wp-block-list\">\n<li>La veracidad y licitud de las informaciones aportadas por el usuario en los formularios extendidos por Metavarch, S.L. marca registrada por RUB\u00c9N MUEDRA ESTUDIO DE ARQUITECTURA, S.L. para el acceso a ciertos contenidos o servicios ofrecidos por el web.<\/li>\n\n\n\n<li>El uso de la informaci\u00f3n, servicios y datos ofrecidos por Metavarch, S.L. marca registrada por RUB\u00c9N MUEDRA ESTUDIO DE ARQUITECTURA, S.L. contrariamente a lo dispuesto por las presentes condiciones, la Ley, la moral, las buenas costumbres o el orden p\u00fablico, o que de cualquier otro modo puedan suponer lesi\u00f3n de los derechos de terceros o del mismo funcionamiento del sitio web.<\/li>\n<\/ul>\n\n\n\n<h2 class=\"wp-block-heading\">Pol\u00edtica de Enlaces y Exenciones de Responsabilidad<\/h2>\n\n\n\n<p>Metavarch, S.L. marca registrada por RUB\u00c9N MUEDRA ESTUDIO DE ARQUITECTURA, S.L. no se hace responsable del contenido de los sitios web a los que el usuario pueda acceder a trav\u00e9s de los enlaces establecidos en su sitio web, siempre que no tenga conocimiento efectivo de que la actividad o la informaci\u00f3n a la que remite o recomienda es il\u00edcita o de que lesiona bienes o derechos de un tercero susceptibles de indemnizaci\u00f3n, o, en caso de tenerlo, act\u00fae con diligencia para suprimir o inutilizar el enlace correspondiente.<\/p>\n\n\n\n<p>Se entender\u00e1 que Metavarch, S.L. marca registrada por RUB\u00c9N MUEDRA ESTUDIO DE ARQUITECTURA, S.L. tiene el conocimiento efectivo a que se refiere el p\u00e1rrafo anterior cuando un \u00f3rgano competente haya declarado la ilicitud de los datos, ordenado su retirada o que se imposibilite el acceso a los mismos, o se hubiera declarado la existencia de la lesi\u00f3n, y Metavarch, S.L. marca registrada por RUB\u00c9N MUEDRA ESTUDIO DE ARQUITECTURA, S.L. conociera la correspondiente resoluci\u00f3n, sin perjuicio de los procedimientos de detecci\u00f3n y retirada de contenidos que Metavarch, S.L. marca registrada por  RUB\u00c9N MUEDRA ESTUDIO DE ARQUITECTURA, S.L. aplique en virtud de acuerdos voluntarios y de otros medios de conocimiento efectivo que pudieran establecerse.<\/p>\n\n\n\n<p>Metavarch, S.L. marca registrada por  RUB\u00c9N MUEDRA ESTUDIO DE ARQUITECTURA, S.L. declara haber adoptado todas las medidas necesarias para evitar cualquier da\u00f1o a los usuarios de su sitio web, que pudieran derivarse de la navegaci\u00f3n por su sitio web. En consecuencia, Metavarch, S.L. marca registrada por  RUB\u00c9N MUEDRA ESTUDIO DE ARQUITECTURA, S.L. no se hace responsable, en ning\u00fan caso, de los eventuales da\u00f1os que por la navegaci\u00f3n por Internet pudiera sufrir el usuario. Asimismo, tampoco garantizar\u00e1 la disponibilidad t\u00e9cnica, exactitud, veracidad, validez o legalidad de sitios ajenos a su propiedad a los que se pueda acceder por medio de los enlaces.<\/p>\n\n\n\n<h2 class=\"wp-block-heading\">Modificaciones<\/h2>\n\n\n\n<p>Metavarch, S.L. marca registrada por  RUB\u00c9N MUEDRA ESTUDIO DE ARQUITECTURA, S.L. se reserva el derecho a realizar las modificaciones que considere oportunas, sin aviso previo, en el contenido de su sitio web. Tanto en lo referente a los contenidos del sitio web, como en las condiciones de uso del mismo, o en las condiciones generales de contrataci\u00f3n. Los cambios a los que hace referencia este apartado no afectar\u00e1n a las contrataciones realizadas con fecha anterior a la fecha de publicaci\u00f3n de los mismos.<\/p>\n\n\n\n<p>Dichas modificaciones podr\u00e1n realizarse a trav\u00e9s de su sitio web por cualquier forma admisible en derecho y ser\u00e1n de obligado cumplimiento durante el tiempo en que se encuentren publicadas en el web y hasta que no sean modificadas v\u00e1lidamente por otras posteriores.<\/p>\n\n\n\n<h2 class=\"wp-block-heading\">Indicaci\u00f3n de Precios<\/h2>\n\n\n\n<p>En caso de que se muestren precios de productos y\/o servicios, los indicados en pantalla ser\u00e1n los vigentes en cada momento. Los precios ser\u00e1n indicados en euros y tendr\u00e1n incorporado el Impuesto sobre el Valor A\u00f1adido (IVA). En caso de que no se incorpore el IVA en el precio, se indicar\u00e1 de manera expresa y se permitir\u00e1 al usuario visualizar el precio final completo.<\/p>\n\n\n\n<p>Asimismo, si fuera aplicable cualquier otro impuesto, as\u00ed se indicar\u00eda, incluyendo, en su caso, el importe de los incrementos o descuentos que sean de aplicaci\u00f3n a la oferta y los gastos adicionales que puedan repercutir al consumidor o usuario.<\/p>\n\n\n\n<h2 class=\"wp-block-heading\">Propiedad Intelectual e Industrial<\/h2>\n\n\n\n<p>Metavarch, S.L. marca registrada por  RUB\u00c9N MUEDRA ESTUDIO DE ARQUITECTURA, S.L. por s\u00ed misma o como cesionaria, es titular de todos los derechos de propiedad intelectual e industrial de su p\u00e1gina web, as\u00ed como de los elementos contenidos en la misma (a t\u00edtulo enunciativo, im\u00e1genes, sonido, audio, v\u00eddeo, software o textos; marcas o logotipos, combinaciones de colores, estructura y dise\u00f1o, selecci\u00f3n de materiales usados, programas de ordenador necesarios para su funcionamiento, acceso y uso, etc.), titularidad de Metavarch, S.L. marca registrada por  RUB\u00c9N MUEDRA ESTUDIO DE ARQUITECTURA, S.L.<\/p>\n\n\n\n<p>Ser\u00e1n, por consiguiente, obras protegidas como propiedad intelectual por el ordenamiento jur\u00eddico espa\u00f1ol, si\u00e9ndoles aplicables tanto la normativa espa\u00f1ola y comunitaria en este campo, como los tratados internacionales relativos a la materia y suscritos por Espa\u00f1a.<\/p>\n\n\n\n<p>Todos los derechos reservados. En virtud de lo dispuesto en la Ley de Propiedad Intelectual, quedan expresamente prohibidas la reproducci\u00f3n, la distribuci\u00f3n y la comunicaci\u00f3n p\u00fablica, incluida su modalidad de puesta a disposici\u00f3n, de la totalidad o parte de los contenidos de esta p\u00e1gina web, con fines comerciales, en cualquier soporte y por cualquier medio t\u00e9cnico, sin la autorizaci\u00f3n de Metavarch, S.L. marca registrada por  RUB\u00c9N MUEDRA ESTUDIO DE ARQUITECTURA, S.L.<\/p>\n\n\n\n<p>El usuario se compromete a respetar los derechos de Propiedad Intelectual e Industrial titularidad de Metavarch, S.L. marca registrada por  RUB\u00c9N MUEDRA ESTUDIO DE ARQUITECTURA, S.L.. Podr\u00e1 visualizar los elementos del portal e incluso imprimirlos, copiarlos y almacenarlos en el disco duro de su ordenador o en cualquier otro soporte f\u00edsico siempre y cuando sea, \u00fanica y exclusivamente, para su uso personal y privado. El usuario deber\u00e1 abstenerse de suprimir, alterar, eludir o manipular cualquier dispositivo de protecci\u00f3n o sistema de seguridad que estuviera instalado en las p\u00e1ginas de Metavarch, S.L. marca registrada por  RUB\u00c9N MUEDRA ESTUDIO DE ARQUITECTURA, S.L.<\/p>\n\n\n\n<h2 class=\"wp-block-heading\">Acciones Legales, legislaci\u00f3n aplicable y jurisdicci\u00f3n<\/h2>\n\n\n\n<p>Si el usuario desea presentar una reclamaci\u00f3n, deber\u00e1 contactar mediante el correo electr\u00f3nico metavarchitecture@gmail. Asimismo, Metavarch, S.L. marca registrada por  RUB\u00c9N MUEDRA ESTUDIO DE ARQUITECTURA, S.L. dispone de hojas oficiales de reclamaci\u00f3n a disposici\u00f3n de los consumidores y usuarios.<br>Metavarch, S.L. marca registrada por  RUB\u00c9N MUEDRA ESTUDIO DE ARQUITECTURA, S.L. se reserva la facultad de presentar las acciones civiles o penales que considere oportunas por la utilizaci\u00f3n indebida de su sitio web y contenidos, o por el incumplimiento de las presentes condiciones.<\/p>\n\n\n\n<p>La relaci\u00f3n entre el usuario y el prestador se regir\u00e1 por la normativa vigente y de aplicaci\u00f3n en el territorio espa\u00f1ol. De surgir cualquier controversia las partes podr\u00e1n someter sus conflictos a arbitraje o acudir a la jurisdicci\u00f3n ordinaria cumpliendo con las normas sobre jurisdicci\u00f3n y competencia al respecto. Metavarch, S.L. marca registrada por  RUB\u00c9N MUEDRA ESTUDIO DE ARQUITECTURA, S.L. tiene su domicilio en VALENCIA, Espa\u00f1a.<br>Los contratos celebrados por v\u00eda electr\u00f3nica en los que intervenga como parte un consumidor, se presumir\u00e1n celebrados en el lugar en que \u00e9ste tenga su residencia habitual.<\/p>\n\n\n\n<p>Los contratos electr\u00f3nicos entre empresarios o profesionales, en defecto de pacto entre las partes, se presumir\u00e1n celebrados en el lugar en que est\u00e9 establecido el prestador de servicios.<\/p>\n\n\n\n<p>Resoluci\u00f3n de litigios en l\u00ednea conforme al Art. 14.1 del Reglamento (UE) 524\/2013: La Comisi\u00f3n Europea facilita una plataforma de resoluci\u00f3n de litigios en l\u00ednea, la cual se encuentra disponible en el siguiente enlace: <a href=\"https:\/\/ec.europa.eu\/consumers\/odr\/\" target=\"_blank\" rel=\"noreferrer noopener\">https:\/\/ec.europa.eu\/consumers\/odr\/<\/a><\/p>\n","protected":false},"excerpt":{"rendered":"<p>Introducci\u00f3n En cumplimiento de la Ley 34\/2002, de 11 de julio, de Servicios de la Sociedad de la Informaci\u00f3n y de Comercio Electr\u00f3nico (LSSI-CE), Metavarch, S.L. marca registrada por RUB\u00c9N MUEDRA ESTUDIO DE ARQUITECTURA, S.L. informa que es titular del sitio web. De acuerdo con la exigencia del art\u00edculo 10 de la citada Ley, Metavarch, [&hellip;]<\/p>\n","protected":false},"author":1,"featured_media":0,"parent":0,"menu_order":0,"comment_status":"closed","ping_status":"closed","template":"legal-text.php","meta":{"footnotes":""},"class_list":["post-1018","page","type-page","status-publish","hentry"],"acf":[],"yoast_head":"<!-- This site is optimized with the Yoast SEO plugin v21.2 - https:\/\/yoast.com\/wordpress\/plugins\/seo\/ -->\n<title>Aviso legal - meta\u00b7v\u00b7arch<\/title>\n<meta name=\"robots\" content=\"index, follow, max-snippet:-1, max-image-preview:large, max-video-preview:-1\" \/>\n<link rel=\"canonical\" href=\"https:\/\/metavarch.io\/en\/aviso-legal\/\" \/>\n<meta property=\"og:locale\" content=\"en_US\" \/>\n<meta property=\"og:type\" content=\"article\" \/>\n<meta property=\"og:title\" content=\"Aviso legal - meta\u00b7v\u00b7arch\" \/>\n<meta property=\"og:description\" content=\"Introducci\u00f3n En cumplimiento de la Ley 34\/2002, de 11 de julio, de Servicios de la Sociedad de la Informaci\u00f3n y de Comercio Electr\u00f3nico (LSSI-CE), Metavarch, S.L. marca registrada por RUB\u00c9N MUEDRA ESTUDIO DE ARQUITECTURA, S.L. informa que es titular del sitio web. De acuerdo con la exigencia del art\u00edculo 10 de la citada Ley, Metavarch, [&hellip;]\" \/>\n<meta property=\"og:url\" content=\"https:\/\/metavarch.io\/en\/aviso-legal\/\" \/>\n<meta property=\"og:site_name\" content=\"meta\u00b7v\u00b7arch\" \/>\n<meta property=\"article:modified_time\" content=\"2023-06-16T12:27:58+00:00\" \/>\n<meta name=\"twitter:card\" content=\"summary_large_image\" \/>\n<meta name=\"twitter:label1\" content=\"Est. reading time\" \/>\n\t<meta name=\"twitter:data1\" content=\"7 minutes\" \/>\n<script type=\"application\/ld+json\" class=\"yoast-schema-graph\">{\"@context\":\"https:\/\/schema.org\",\"@graph\":[{\"@type\":\"WebPage\",\"@id\":\"https:\/\/metavarch.io\/en\/aviso-legal\/\",\"url\":\"https:\/\/metavarch.io\/en\/aviso-legal\/\",\"name\":\"Aviso legal - meta\u00b7v\u00b7arch\",\"isPartOf\":{\"@id\":\"https:\/\/metavarch.io\/en\/#website\"},\"datePublished\":\"2023-04-07T14:26:25+00:00\",\"dateModified\":\"2023-06-16T12:27:58+00:00\",\"breadcrumb\":{\"@id\":\"https:\/\/metavarch.io\/en\/aviso-legal\/#breadcrumb\"},\"inLanguage\":\"en-US\",\"potentialAction\":[{\"@type\":\"ReadAction\",\"target\":[\"https:\/\/metavarch.io\/en\/aviso-legal\/\"]}]},{\"@type\":\"BreadcrumbList\",\"@id\":\"https:\/\/metavarch.io\/en\/aviso-legal\/#breadcrumb\",\"itemListElement\":[{\"@type\":\"ListItem\",\"position\":1,\"name\":\"Portada\",\"item\":\"https:\/\/metavarch.io\/en\/\"},{\"@type\":\"ListItem\",\"position\":2,\"name\":\"Aviso legal\"}]},{\"@type\":\"WebSite\",\"@id\":\"https:\/\/metavarch.io\/en\/#website\",\"url\":\"https:\/\/metavarch.io\/en\/\",\"name\":\"meta\u00b7v\u00b7arch\",\"description\":\"Metaverse Architects\",\"potentialAction\":[{\"@type\":\"SearchAction\",\"target\":{\"@type\":\"EntryPoint\",\"urlTemplate\":\"https:\/\/metavarch.io\/en\/?s={search_term_string}\"},\"query-input\":\"required name=search_term_string\"}],\"inLanguage\":\"en-US\"}]}<\/script>\n<!-- \/ Yoast SEO plugin. -->","yoast_head_json":{"title":"Aviso legal - meta\u00b7v\u00b7arch","robots":{"index":"index","follow":"follow","max-snippet":"max-snippet:-1","max-image-preview":"max-image-preview:large","max-video-preview":"max-video-preview:-1"},"canonical":"https:\/\/metavarch.io\/en\/aviso-legal\/","og_locale":"en_US","og_type":"article","og_title":"Aviso legal - meta\u00b7v\u00b7arch","og_description":"Introducci\u00f3n En cumplimiento de la Ley 34\/2002, de 11 de julio, de Servicios de la Sociedad de la Informaci\u00f3n y de Comercio Electr\u00f3nico (LSSI-CE), Metavarch, S.L. marca registrada por RUB\u00c9N MUEDRA ESTUDIO DE ARQUITECTURA, S.L. informa que es titular del sitio web. De acuerdo con la exigencia del art\u00edculo 10 de la citada Ley, Metavarch, [&hellip;]","og_url":"https:\/\/metavarch.io\/en\/aviso-legal\/","og_site_name":"meta\u00b7v\u00b7arch","article_modified_time":"2023-06-16T12:27:58+00:00","twitter_card":"summary_large_image","twitter_misc":{"Est. reading time":"7 minutes"},"schema":{"@context":"https:\/\/schema.org","@graph":[{"@type":"WebPage","@id":"https:\/\/metavarch.io\/en\/aviso-legal\/","url":"https:\/\/metavarch.io\/en\/aviso-legal\/","name":"Aviso legal - meta\u00b7v\u00b7arch","isPartOf":{"@id":"https:\/\/metavarch.io\/en\/#website"},"datePublished":"2023-04-07T14:26:25+00:00","dateModified":"2023-06-16T12:27:58+00:00","breadcrumb":{"@id":"https:\/\/metavarch.io\/en\/aviso-legal\/#breadcrumb"},"inLanguage":"en-US","potentialAction":[{"@type":"ReadAction","target":["https:\/\/metavarch.io\/en\/aviso-legal\/"]}]},{"@type":"BreadcrumbList","@id":"https:\/\/metavarch.io\/en\/aviso-legal\/#breadcrumb","itemListElement":[{"@type":"ListItem","position":1,"name":"Portada","item":"https:\/\/metavarch.io\/en\/"},{"@type":"ListItem","position":2,"name":"Aviso legal"}]},{"@type":"WebSite","@id":"https:\/\/metavarch.io\/en\/#website","url":"https:\/\/metavarch.io\/en\/","name":"meta\u00b7v\u00b7arch","description":"Metaverse Architects","potentialAction":[{"@type":"SearchAction","target":{"@type":"EntryPoint","urlTemplate":"https:\/\/metavarch.io\/en\/?s={search_term_string}"},"query-input":"required name=search_term_string"}],"inLanguage":"en-US"}]}},"_links":{"self":[{"href":"https:\/\/metavarch.io\/en\/wp-json\/wp\/v2\/pages\/1018","targetHints":{"allow":["GET"]}}],"collection":[{"href":"https:\/\/metavarch.io\/en\/wp-json\/wp\/v2\/pages"}],"about":[{"href":"https:\/\/metavarch.io\/en\/wp-json\/wp\/v2\/types\/page"}],"author":[{"embeddable":true,"href":"https:\/\/metavarch.io\/en\/wp-json\/wp\/v2\/users\/1"}],"replies":[{"embeddable":true,"href":"https:\/\/metavarch.io\/en\/wp-json\/wp\/v2\/comments?post=1018"}],"version-history":[{"count":4,"href":"https:\/\/metavarch.io\/en\/wp-json\/wp\/v2\/pages\/1018\/revisions"}],"predecessor-version":[{"id":2365,"href":"https:\/\/metavarch.io\/en\/wp-json\/wp\/v2\/pages\/1018\/revisions\/2365"}],"wp:attachment":[{"href":"https:\/\/metavarch.io\/en\/wp-json\/wp\/v2\/media?parent=1018"}],"curies":[{"name":"wp","href":"https:\/\/api.w.org\/{rel}","templated":true}]}}